{"id":193,"date":"2024-10-25T09:48:02","date_gmt":"2024-10-25T13:48:02","guid":{"rendered":"https:\/\/ontraxit.ca\/a-propos-de-nous\/"},"modified":"2024-12-04T15:34:36","modified_gmt":"2024-12-04T20:34:36","slug":"a-propos-de-nous","status":"publish","type":"page","link":"https:\/\/ontraxit.ca\/fr\/a-propos-de-nous\/","title":{"rendered":"\u00c0 propos de nous"},"content":{"rendered":"\t\t<div data-elementor-type=\"wp-page\" data-elementor-id=\"193\" class=\"elementor elementor-193 elementor-128\" data-elementor-post-type=\"page\">\n\t\t\t\t<div class=\"elementor-element elementor-element-b43fc78 e-flex e-con-boxed e-con e-parent\" data-id=\"b43fc78\" data-element_type=\"container\" data-e-type=\"container\">\n\t\t\t\t\t<div class=\"e-con-inner\">\n\t\t\t\t<div class=\"elementor-element elementor-element-ea8005e elementor-widget elementor-widget-heading\" data-id=\"ea8005e\" data-element_type=\"widget\" data-e-type=\"widget\" data-widget_type=\"heading.default\">\n\t\t\t\t\t<h1 class=\"elementor-heading-title elementor-size-default\">\u00c0 propos de Ontrax Services<\/h1>\t\t\t\t<\/div>\n\t\t\t\t<div class=\"elementor-element elementor-element-1b50666 elementor-widget elementor-widget-text-editor\" data-id=\"1b50666\" data-element_type=\"widget\" data-e-type=\"widget\" data-widget_type=\"text-editor.default\">\n\t\t\t\t\t\t\t\t\t<p>Chez Ontrax Services, nous nous engageons \u00e0 faire prosp\u00e9rer votre entreprise en toute confiance. Notre histoire commence avec notre fondateur, Ryan Chalupovitsch, dont la passion pour la technologie et le d\u00e9vouement \u00e0 aider les entreprises \u00e0 r\u00e9ussir ont conduit \u00e0 la cr\u00e9ation d&rsquo;Ontrax Services.<\/p>\n\t\t\t\t\t\t\t\t<\/div>\n\t\t<div class=\"elementor-element elementor-element-29bca8a e-con-full e-flex e-con e-child\" data-id=\"29bca8a\" data-element_type=\"container\" data-e-type=\"container\">\n\t\t<div class=\"elementor-element elementor-element-bdef389 e-con-full e-flex e-con e-child\" data-id=\"bdef389\" data-element_type=\"container\" data-e-type=\"container\">\n\t\t\t\t<div class=\"elementor-element elementor-element-c7c903a elementor-widget elementor-widget-heading\" data-id=\"c7c903a\" data-element_type=\"widget\" data-e-type=\"widget\" data-widget_type=\"heading.default\">\n\t\t\t\t\t<h2 class=\"elementor-heading-title elementor-size-default\">Rencontrez Ryan Chalupovitsch<\/h2>\t\t\t\t<\/div>\n\t\t\t\t<div class=\"elementor-element elementor-element-6ad5c9c elementor-widget elementor-widget-text-editor\" data-id=\"6ad5c9c\" data-element_type=\"widget\" data-e-type=\"widget\" data-widget_type=\"text-editor.default\">\n\t\t\t\t\t\t\t\t\t<p><span style=\"font-weight: 400;\">Ryan est un r\u00e9solveur de probl\u00e8mes, un passionn\u00e9 de technologie et un professionnel d\u00e9vou\u00e9 avec plus d&rsquo;une d\u00e9cennie d&rsquo;exp\u00e9rience dans le conseil en informatique et la gestion de projets. Il est titulaire d&rsquo;un dipl\u00f4me de l&rsquo;Universit\u00e9 McGill et de certifications en gestion de projets et en administration de r\u00e9seaux et de syst\u00e8mes.<\/span><\/p>\n<h3>La vision de Ryan<\/h3>\n<p><span style=\"font-weight: 400;\">Ryan a fond\u00e9 Ontrax Services en 2018 afin de fournir aux entreprises des solutions informatiques fiables, s\u00e9curis\u00e9es et rentables. En tant qu&rsquo;associ\u00e9 certifi\u00e9 Cisco (CCNA) et partenaire officiel de Microsoft, Ryan apporte \u00e0 ses clients les derni\u00e8res technologies cloud et un service client personnalis\u00e9. <\/span><\/p>\n<h3>Une touche personnelle<\/h3>\n<p><span style=\"font-weight: 400;\">La confiance et la communication sont au c\u0153ur de l&rsquo;approche de Ryan. Il sert de conseiller central pour ses clients sur tous les aspects technologiques. S&rsquo;il n&rsquo;a pas la r\u00e9ponse, il utilise son r\u00e9seau de professionnels pour trouver quelqu&rsquo;un qui l&rsquo;a. Ryan s&rsquo;engage \u00e0 offrir un service personnalis\u00e9, \u00e0 \u00e9tablir des relations solides avec ses clients, \u00e0 comprendre leurs besoins uniques et \u00e0 fournir des solutions sur mesure.   <\/span><\/p>\n<h3>Un bilan \u00e9prouv\u00e9<\/h3>\n<p><span style=\"font-weight: 400;\">Ryan a relev\u00e9 avec succ\u00e8s des d\u00e9fis informatiques et a obtenu des r\u00e9sultats optimaux pour des clients dans divers secteurs (services professionnels, services m\u00e9dias, g\u00e9nie-conseil, industrie manufacturi\u00e8re et OBNL). Sa capacit\u00e9 \u00e0 maximiser les budgets informatiques et \u00e0 garantir un temps de fonctionnement maximal lui a valu une r\u00e9putation d&rsquo;excellence. <\/span><\/p>\n\t\t\t\t\t\t\t\t<\/div>\n\t\t\t\t<\/div>\n\t\t<div class=\"elementor-element elementor-element-cdba53d e-con-full e-flex e-con e-child\" data-id=\"cdba53d\" data-element_type=\"container\" data-e-type=\"container\" data-settings=\"{&quot;background_background&quot;:&quot;classic&quot;}\">\n\t\t\t\t<\/div>\n\t\t\t\t<\/div>\n\t\t\t\t<div class=\"elementor-element elementor-element-fde7d5d elementor-widget elementor-widget-text-editor\" data-id=\"fde7d5d\" data-element_type=\"widget\" data-e-type=\"widget\" data-widget_type=\"text-editor.default\">\n\t\t\t\t\t\t\t\t\t<h3>Regard vers l&rsquo;avenir<\/h3>\n<p><span style=\"font-weight: 400;\">Ryan est toujours tourn\u00e9 vers l&rsquo;avenir, d\u00e9sireux d&rsquo;\u00e9tendre Ontrax Services et d&rsquo;aider davantage d&rsquo;entreprises \u00e0 atteindre leurs objectifs gr\u00e2ce \u00e0 des solutions informatiques innovantes. Son d\u00e9vouement \u00e0 rester \u00e0 la pointe de la technologie garantit qu&rsquo;Ontrax Services reste un leader dans l&rsquo;industrie. <\/span><\/p>\n\t\t\t\t\t\t\t\t<\/div>\n\t\t\t\t<div class=\"elementor-element elementor-element-9823506 elementor-cta--skin-classic elementor-animated-content elementor-bg-transform elementor-bg-transform-zoom-in elementor-widget elementor-widget-global elementor-global-329 elementor-global-206 elementor-widget-call-to-action\" data-id=\"9823506\" data-element_type=\"widget\" data-e-type=\"widget\" data-widget_type=\"call-to-action.default\">\n\t\t\t\t\t\t\t<a class=\"elementor-cta\" href=\"https:\/\/ontraxit.ca\/fr\/contact\/\">\n\t\t\t\t\t\t\t<div class=\"elementor-cta__content\">\n\t\t\t\t\n\t\t\t\t\t\t\t\t\t<h2 class=\"elementor-cta__title elementor-cta__content-item elementor-content-item\">\n\t\t\t\t\t\tD\u00e9chargez-vous de vos soucis informatiques\t\t\t\t\t<\/h2>\n\t\t\t\t\n\t\t\t\t\t\t\t\t\t<div class=\"elementor-cta__description elementor-cta__content-item elementor-content-item\">\n\t\t\t\t\t\t<p>Concentrez-vous sur la croissance de votre entreprise<\/p>\n\t\t\t\t\t<\/div>\n\t\t\t\t\n\t\t\t\t\t\t\t\t\t<div class=\"elementor-cta__button-wrapper elementor-cta__content-item elementor-content-item \">\n\t\t\t\t\t<span class=\"elementor-cta__button elementor-button elementor-size-\">\n\t\t\t\t\t\tContactez-nous pour commencer\t\t\t\t\t<\/span>\n\t\t\t\t\t<\/div>\n\t\t\t\t\t\t\t<\/div>\n\t\t\t\t\t\t<\/a>\n\t\t\t\t\t\t<\/div>\n\t\t\t\t\t<\/div>\n\t\t\t\t<\/div>\n\t\t\t\t<\/div>\n\t\t","protected":false},"excerpt":{"rendered":"<p>\u00c0 propos de Ontrax Services Chez Ontrax Services, nous nous engageons \u00e0 faire prosp\u00e9rer votre entreprise en toute confiance. Notre histoire commence avec notre fondateur, Ryan Chalupovitsch, dont la passion pour la technologie et le d\u00e9vouement \u00e0 aider les entreprises \u00e0 r\u00e9ussir ont conduit \u00e0 la cr\u00e9ation d&rsquo;Ontrax Services. Rencontrez Ryan Chalupovitsch Ryan est un [&hellip;]<\/p>\n","protected":false},"author":1,"featured_media":0,"parent":0,"menu_order":0,"comment_status":"closed","ping_status":"closed","template":"","meta":{"footnotes":""},"class_list":["post-193","page","type-page","status-publish","hentry"],"_links":{"self":[{"href":"https:\/\/ontraxit.ca\/fr\/wp-json\/wp\/v2\/pages\/193","targetHints":{"allow":["GET"]}}],"collection":[{"href":"https:\/\/ontraxit.ca\/fr\/wp-json\/wp\/v2\/pages"}],"about":[{"href":"https:\/\/ontraxit.ca\/fr\/wp-json\/wp\/v2\/types\/page"}],"author":[{"embeddable":true,"href":"https:\/\/ontraxit.ca\/fr\/wp-json\/wp\/v2\/users\/1"}],"replies":[{"embeddable":true,"href":"https:\/\/ontraxit.ca\/fr\/wp-json\/wp\/v2\/comments?post=193"}],"version-history":[{"count":2,"href":"https:\/\/ontraxit.ca\/fr\/wp-json\/wp\/v2\/pages\/193\/revisions"}],"predecessor-version":[{"id":306,"href":"https:\/\/ontraxit.ca\/fr\/wp-json\/wp\/v2\/pages\/193\/revisions\/306"}],"wp:attachment":[{"href":"https:\/\/ontraxit.ca\/fr\/wp-json\/wp\/v2\/media?parent=193"}],"curies":[{"name":"wp","href":"https:\/\/api.w.org\/{rel}","templated":true}]}}