{"id":313,"date":"2024-10-19T16:08:57","date_gmt":"2024-10-19T20:08:57","guid":{"rendered":"https:\/\/ontraxit.ca\/services-informatiques-et-de-cybersecurite\/"},"modified":"2026-02-03T11:36:55","modified_gmt":"2026-02-03T16:36:55","slug":"services-informatiques-et-de-cybersecurite","status":"publish","type":"page","link":"https:\/\/ontraxit.ca\/fr\/services-informatiques-et-de-cybersecurite\/","title":{"rendered":"Services informatiques et de cybers\u00e9curit\u00e9"},"content":{"rendered":"\t\t<div data-elementor-type=\"wp-page\" data-elementor-id=\"313\" class=\"elementor elementor-313 elementor-32\" data-elementor-post-type=\"page\">\n\t\t\t\t<div class=\"elementor-element elementor-element-b08eaa5 e-flex e-con-boxed e-con e-parent\" data-id=\"b08eaa5\" data-element_type=\"container\" data-e-type=\"container\">\n\t\t\t\t\t<div class=\"e-con-inner\">\n\t\t\t\t<div class=\"elementor-element elementor-element-961d872 elementor-widget elementor-widget-heading\" data-id=\"961d872\" data-element_type=\"widget\" data-e-type=\"widget\" data-widget_type=\"heading.default\">\n\t\t\t\t\t<h1 class=\"elementor-heading-title elementor-size-default\">Services informatiques et de cybers\u00e9curit\u00e9<\/h1>\t\t\t\t<\/div>\n\t\t<div class=\"elementor-element elementor-element-4184dde e-con-full e-flex e-con e-child\" data-id=\"4184dde\" data-element_type=\"container\" data-e-type=\"container\" data-settings=\"{&quot;background_background&quot;:&quot;gradient&quot;}\">\n\t\t\t\t<div class=\"elementor-element elementor-element-8b4eff9 elementor-position-left elementor-position-top elementor-vertical-align-middle elementor-vertical-align-top elementor-widget elementor-widget-image-box\" data-id=\"8b4eff9\" data-element_type=\"widget\" data-e-type=\"widget\" data-widget_type=\"image-box.default\">\n\t\t\t\t\t<div class=\"elementor-image-box-wrapper\"><figure class=\"elementor-image-box-img\"><a href=\"https:\/\/ontraxit.ca\/fr\/contact\/\" tabindex=\"-1\"><img fetchpriority=\"high\" decoding=\"async\" width=\"300\" height=\"300\" src=\"https:\/\/ontraxit.b-cdn.net\/wp-content\/uploads\/2024\/10\/smart-phone-laptop-300x300.webp\" class=\"attachment-medium size-medium wp-image-73\" alt=\"Protection des dispositifs\" srcset=\"https:\/\/ontraxit.b-cdn.net\/wp-content\/uploads\/2024\/10\/smart-phone-laptop-300x300.webp 300w, https:\/\/ontraxit.b-cdn.net\/wp-content\/uploads\/2024\/10\/smart-phone-laptop-150x150.webp 150w, https:\/\/ontraxit.b-cdn.net\/wp-content\/uploads\/2024\/10\/smart-phone-laptop.webp 500w\" sizes=\"(max-width: 300px) 100vw, 300px\" \/><\/a><\/figure><div class=\"elementor-image-box-content\"><h3 class=\"elementor-image-box-title\"><a href=\"https:\/\/ontraxit.ca\/fr\/contact\/\">Protection des points finaux<\/a><\/h3><p class=\"elementor-image-box-description\">Notre service Endpoint Protection prot\u00e8ge tous vos appareils professionnels (ordinateurs et smartphones) contre les pirates et les virus. Nous nous occupons de tout, des mises \u00e0 jour \u00e0 la surveillance, pour que vous n'ayez pas \u00e0 vous en soucier. Vous pouvez donc vous concentrer sur la gestion de votre entreprise, en sachant que vos donn\u00e9es et vos appareils sont prot\u00e9g\u00e9s. <a href=\"https:\/\/ontraxit.ca\/fr\/contact\/\">Contactez-nous pour commencer.<\/a><\/p><\/div><\/div>\t\t\t\t<\/div>\n\t\t\t\t<\/div>\n\t\t\t\t<div class=\"elementor-element elementor-element-1323200 elementor-widget elementor-widget-menu-anchor\" data-id=\"1323200\" data-element_type=\"widget\" data-e-type=\"widget\" data-widget_type=\"menu-anchor.default\">\n\t\t\t\t\t\t\t<div class=\"elementor-menu-anchor\" id=\"microsoft365\"><\/div>\n\t\t\t\t\t\t<\/div>\n\t\t<div class=\"elementor-element elementor-element-36df84a e-con-full e-flex e-con e-child\" data-id=\"36df84a\" data-element_type=\"container\" data-e-type=\"container\" data-settings=\"{&quot;background_background&quot;:&quot;gradient&quot;}\">\n\t\t\t\t<div class=\"elementor-element elementor-element-03d6d33 elementor-position-left elementor-position-top elementor-vertical-align-middle elementor-vertical-align-top elementor-widget elementor-widget-image-box\" data-id=\"03d6d33\" data-element_type=\"widget\" data-e-type=\"widget\" data-widget_type=\"image-box.default\">\n\t\t\t\t\t<div class=\"elementor-image-box-wrapper\"><figure class=\"elementor-image-box-img\"><a href=\"https:\/\/ontraxit.ca\/fr\/contact\/\" tabindex=\"-1\"><img decoding=\"async\" width=\"300\" height=\"300\" src=\"https:\/\/ontraxit.b-cdn.net\/wp-content\/uploads\/2024\/10\/Microsoft-365-security-The-design-features-the-Microsoft-365-logo-alongside-a-shield-symbol-with-email-icon-300x300.webp\" class=\"attachment-medium size-medium wp-image-104\" alt=\"Microsoft 365 security. The design features the Microsoft 365 logo alongside a shield symbol with email icon\" srcset=\"https:\/\/ontraxit.b-cdn.net\/wp-content\/uploads\/2024\/10\/Microsoft-365-security-The-design-features-the-Microsoft-365-logo-alongside-a-shield-symbol-with-email-icon-300x300.webp 300w, https:\/\/ontraxit.b-cdn.net\/wp-content\/uploads\/2024\/10\/Microsoft-365-security-The-design-features-the-Microsoft-365-logo-alongside-a-shield-symbol-with-email-icon-150x150.webp 150w, https:\/\/ontraxit.b-cdn.net\/wp-content\/uploads\/2024\/10\/Microsoft-365-security-The-design-features-the-Microsoft-365-logo-alongside-a-shield-symbol-with-email-icon-768x768.webp 768w, https:\/\/ontraxit.b-cdn.net\/wp-content\/uploads\/2024\/10\/Microsoft-365-security-The-design-features-the-Microsoft-365-logo-alongside-a-shield-symbol-with-email-icon.webp 1024w\" sizes=\"(max-width: 300px) 100vw, 300px\" \/><\/a><\/figure><div class=\"elementor-image-box-content\"><h3 class=\"elementor-image-box-title\"><a href=\"https:\/\/ontraxit.ca\/fr\/contact\/\">Fortification de Microsoft 365<\/a><\/h3><p class=\"elementor-image-box-description\">Prot\u00e9gez vos e-mails, vos fichiers et vos outils de collaboration dans Microsoft 365 contre les pirates gr\u00e2ce \u00e0 notre service de fortification. Nous ajoutons une couche de s\u00e9curit\u00e9 suppl\u00e9mentaire qui v\u00e9rifie qui acc\u00e8de \u00e0 vos informations, en veillant \u00e0 ce que seules les bonnes personnes puissent y acc\u00e9der. Cette tranquillit\u00e9 d'esprit vous permet de travailler librement, en sachant que vos donn\u00e9es professionnelles sont s\u00e9curis\u00e9es. <a href=\"https:\/\/ontraxit.ca\/fr\/contact\/\">Contactez-nous pour commencer.<\/a><\/p><\/div><\/div>\t\t\t\t<\/div>\n\t\t\t\t<\/div>\n\t\t<div class=\"elementor-element elementor-element-185f1b9 e-con-full e-flex e-con e-child\" data-id=\"185f1b9\" data-element_type=\"container\" data-e-type=\"container\" data-settings=\"{&quot;background_background&quot;:&quot;gradient&quot;}\">\n\t\t\t\t<div class=\"elementor-element elementor-element-6b5de68 elementor-position-left elementor-position-top elementor-vertical-align-middle elementor-vertical-align-top elementor-widget elementor-widget-image-box\" data-id=\"6b5de68\" data-element_type=\"widget\" data-e-type=\"widget\" data-widget_type=\"image-box.default\">\n\t\t\t\t\t<div class=\"elementor-image-box-wrapper\"><figure class=\"elementor-image-box-img\"><a href=\"https:\/\/ontraxit.ca\/fr\/contact\/\" tabindex=\"-1\"><img decoding=\"async\" width=\"300\" height=\"300\" src=\"https:\/\/ontraxit.b-cdn.net\/wp-content\/uploads\/2024\/10\/cropped-Ontrax-services-icon-1-300x300.png\" class=\"attachment-medium size-medium wp-image-47\" alt=\"Services Ontrax\" srcset=\"https:\/\/ontraxit.b-cdn.net\/wp-content\/uploads\/2024\/10\/cropped-Ontrax-services-icon-1-300x300.png 300w, https:\/\/ontraxit.b-cdn.net\/wp-content\/uploads\/2024\/10\/cropped-Ontrax-services-icon-1-150x150.png 150w, https:\/\/ontraxit.b-cdn.net\/wp-content\/uploads\/2024\/10\/cropped-Ontrax-services-icon-1-270x270.png 270w, https:\/\/ontraxit.b-cdn.net\/wp-content\/uploads\/2024\/10\/cropped-Ontrax-services-icon-1-192x192.png 192w, https:\/\/ontraxit.b-cdn.net\/wp-content\/uploads\/2024\/10\/cropped-Ontrax-services-icon-1-180x180.png 180w, https:\/\/ontraxit.b-cdn.net\/wp-content\/uploads\/2024\/10\/cropped-Ontrax-services-icon-1-32x32.png 32w, https:\/\/ontraxit.b-cdn.net\/wp-content\/uploads\/2024\/10\/cropped-Ontrax-services-icon-1.png 512w\" sizes=\"(max-width: 300px) 100vw, 300px\" \/><\/a><\/figure><div class=\"elementor-image-box-content\"><h3 class=\"elementor-image-box-title\"><a href=\"https:\/\/ontraxit.ca\/fr\/contact\/\">D\u00e9tection et r\u00e9ponse aux menaces d'identit\u00e9<\/a><\/h3><p class=\"elementor-image-box-description\">Notre service ITDR prot\u00e8ge vos comptes Microsoft 365 en d\u00e9tectant les activit\u00e9s suspectes \u00ab impossibles \u00bb (telles que les connexions depuis un autre pays ou les modifications inattendues des param\u00e8tres de courriel) et en mettant rapidement fin aux prises de contr\u00f4le. Si quelque chose semble anormal, une \u00e9quipe d'experts en s\u00e9curit\u00e9 humaine disponible 24 heures sur 24 et 7 jours sur 7 m\u00e8ne une enqu\u00eate et peut imm\u00e9diatement verrouiller le compte et expulser l'attaquant avant que des dommages ne soient caus\u00e9s. Vous avez l'esprit tranquille en sachant que la \u00ab porte d'entr\u00e9e \u00bb de votre cloud est surveill\u00e9e en permanence. Veuillez nous contacter pour commencer.<\/p><\/div><\/div>\t\t\t\t<\/div>\n\t\t\t\t<\/div>\n\t\t\t\t<div class=\"elementor-element elementor-element-fb612ad elementor-widget elementor-widget-menu-anchor\" data-id=\"fb612ad\" data-element_type=\"widget\" data-e-type=\"widget\" data-widget_type=\"menu-anchor.default\">\n\t\t\t\t\t\t\t<div class=\"elementor-menu-anchor\" id=\"databackups\"><\/div>\n\t\t\t\t\t\t<\/div>\n\t\t<div class=\"elementor-element elementor-element-e9ace43 e-con-full e-flex e-con e-child\" data-id=\"e9ace43\" data-element_type=\"container\" data-e-type=\"container\" data-settings=\"{&quot;background_background&quot;:&quot;gradient&quot;}\">\n\t\t\t\t<div class=\"elementor-element elementor-element-eba4eb3 elementor-position-left elementor-position-top elementor-vertical-align-middle elementor-vertical-align-top elementor-widget elementor-widget-image-box\" data-id=\"eba4eb3\" data-element_type=\"widget\" data-e-type=\"widget\" data-widget_type=\"image-box.default\">\n\t\t\t\t\t<div class=\"elementor-image-box-wrapper\"><figure class=\"elementor-image-box-img\"><a href=\"https:\/\/ontraxit.ca\/fr\/contact\/\" tabindex=\"-1\"><img loading=\"lazy\" decoding=\"async\" width=\"300\" height=\"300\" src=\"https:\/\/ontraxit.b-cdn.net\/wp-content\/uploads\/2024\/10\/computer-server-data-backup-300x300.webp\" class=\"attachment-medium size-medium wp-image-71\" alt=\"\" srcset=\"https:\/\/ontraxit.b-cdn.net\/wp-content\/uploads\/2024\/10\/computer-server-data-backup-300x300.webp 300w, https:\/\/ontraxit.b-cdn.net\/wp-content\/uploads\/2024\/10\/computer-server-data-backup-150x150.webp 150w, https:\/\/ontraxit.b-cdn.net\/wp-content\/uploads\/2024\/10\/computer-server-data-backup.webp 500w\" sizes=\"(max-width: 300px) 100vw, 300px\" \/><\/a><\/figure><div class=\"elementor-image-box-content\"><h3 class=\"elementor-image-box-title\"><a href=\"https:\/\/ontraxit.ca\/fr\/contact\/\">Sauvegardes de donn\u00e9es<\/a><\/h3><p class=\"elementor-image-box-description\">Notre service de sauvegarde garantit que toutes les informations importantes de votre entreprise sont copi\u00e9es en toute s\u00e9curit\u00e9 dans un autre endroit du nuage, de sorte qu'en cas de probl\u00e8me (suppression accidentelle de donn\u00e9es, par exemple), vous puissiez les r\u00e9cup\u00e9rer rapidement. Cela permet \u00e0 votre entreprise de continuer \u00e0 fonctionner sans interruption. <a href=\"https:\/\/ontraxit.ca\/fr\/contact\/\">Contactez-nous pour commencer.<\/a><\/p><\/div><\/div>\t\t\t\t<\/div>\n\t\t\t\t<div class=\"elementor-element elementor-element-31e507c elementor-widget elementor-widget-menu-anchor\" data-id=\"31e507c\" data-element_type=\"widget\" data-e-type=\"widget\" data-widget_type=\"menu-anchor.default\">\n\t\t\t\t\t\t\t<div class=\"elementor-menu-anchor\" id=\"cybersecurity\"><\/div>\n\t\t\t\t\t\t<\/div>\n\t\t\t\t<\/div>\n\t\t<div class=\"elementor-element elementor-element-05a6098 e-con-full e-flex e-con e-child\" data-id=\"05a6098\" data-element_type=\"container\" data-e-type=\"container\" data-settings=\"{&quot;background_background&quot;:&quot;gradient&quot;}\">\n\t\t\t\t<div class=\"elementor-element elementor-element-0fc3704 elementor-position-left elementor-position-top elementor-vertical-align-middle elementor-vertical-align-top elementor-widget elementor-widget-image-box\" data-id=\"0fc3704\" data-element_type=\"widget\" data-e-type=\"widget\" data-widget_type=\"image-box.default\">\n\t\t\t\t\t<div class=\"elementor-image-box-wrapper\"><figure class=\"elementor-image-box-img\"><a href=\"https:\/\/ontraxit.ca\/fr\/contact\/\" tabindex=\"-1\"><img loading=\"lazy\" decoding=\"async\" width=\"300\" height=\"300\" src=\"https:\/\/ontraxit.b-cdn.net\/wp-content\/uploads\/2024\/10\/cybersecurity-training-testing-300x300.webp\" class=\"attachment-medium size-medium wp-image-75\" alt=\"Formation \u00e0 la cybers\u00e9curit\u00e9\" srcset=\"https:\/\/ontraxit.b-cdn.net\/wp-content\/uploads\/2024\/10\/cybersecurity-training-testing-300x300.webp 300w, https:\/\/ontraxit.b-cdn.net\/wp-content\/uploads\/2024\/10\/cybersecurity-training-testing-150x150.webp 150w, https:\/\/ontraxit.b-cdn.net\/wp-content\/uploads\/2024\/10\/cybersecurity-training-testing.webp 500w\" sizes=\"(max-width: 300px) 100vw, 300px\" \/><\/a><\/figure><div class=\"elementor-image-box-content\"><h3 class=\"elementor-image-box-title\"><a href=\"https:\/\/ontraxit.ca\/fr\/contact\/\">Formation et test de sensibilisation \u00e0 la cybers\u00e9curit\u00e9<\/a><\/h3><p class=\"elementor-image-box-description\">Notre programme de formation aide votre personnel \u00e0 se familiariser avec les cybermenaces et \u00e0 s'en prot\u00e9ger. En comprenant ce \u00e0 quoi il faut faire attention, ils peuvent aider \u00e0 arr\u00eater les pirates informatiques avant qu'ils ne causent des probl\u00e8mes. Cette formation permet \u00e0 chacun d'\u00eatre inform\u00e9 et vigilant, ce qui rend l'ensemble de votre entreprise plus s\u00fbre. <a href=\"https:\/\/ontraxit.ca\/fr\/contact\/\">Contactez-nous pour commencer.<\/a><\/p><\/div><\/div>\t\t\t\t<\/div>\n\t\t\t\t<div class=\"elementor-element elementor-element-a69bacd elementor-widget elementor-widget-menu-anchor\" data-id=\"a69bacd\" data-element_type=\"widget\" data-e-type=\"widget\" data-widget_type=\"menu-anchor.default\">\n\t\t\t\t\t\t\t<div class=\"elementor-menu-anchor\" id=\"itconsulting\"><\/div>\n\t\t\t\t\t\t<\/div>\n\t\t\t\t<\/div>\n\t\t<div class=\"elementor-element elementor-element-6c3a7e3 e-con-full e-flex e-con e-child\" data-id=\"6c3a7e3\" data-element_type=\"container\" data-e-type=\"container\" data-settings=\"{&quot;background_background&quot;:&quot;gradient&quot;}\">\n\t\t\t\t<div class=\"elementor-element elementor-element-460fcaa elementor-position-left elementor-position-top elementor-vertical-align-middle elementor-vertical-align-top elementor-widget elementor-widget-image-box\" data-id=\"460fcaa\" data-element_type=\"widget\" data-e-type=\"widget\" data-widget_type=\"image-box.default\">\n\t\t\t\t\t<div class=\"elementor-image-box-wrapper\"><figure class=\"elementor-image-box-img\"><a href=\"https:\/\/ontraxit.ca\/fr\/contact\/\" tabindex=\"-1\"><img loading=\"lazy\" decoding=\"async\" width=\"300\" height=\"300\" src=\"https:\/\/ontraxit.b-cdn.net\/wp-content\/uploads\/2024\/10\/IT-consulting-300x300.webp\" class=\"attachment-medium size-medium wp-image-77\" alt=\"Conseil en informatique\" srcset=\"https:\/\/ontraxit.b-cdn.net\/wp-content\/uploads\/2024\/10\/IT-consulting-300x300.webp 300w, https:\/\/ontraxit.b-cdn.net\/wp-content\/uploads\/2024\/10\/IT-consulting-150x150.webp 150w, https:\/\/ontraxit.b-cdn.net\/wp-content\/uploads\/2024\/10\/IT-consulting.webp 500w\" sizes=\"(max-width: 300px) 100vw, 300px\" \/><\/a><\/figure><div class=\"elementor-image-box-content\"><h3 class=\"elementor-image-box-title\"><a href=\"https:\/\/ontraxit.ca\/fr\/contact\/\">Conseil en informatique<\/a><\/h3><p class=\"elementor-image-box-description\">Que vous ayez besoin d'aide pour votre Wi-Fi, pour mettre en place un nouveau logiciel ou pour planifier la fa\u00e7on dont la technologie peut aider votre entreprise \u00e0 se d\u00e9velopper, notre service de conseil en informatique est l\u00e0 pour vous guider. Nous simplifions les solutions technologiques pour r\u00e9pondre aux besoins de votre entreprise, en vous aidant \u00e0 utiliser la technologie plus efficacement pour atteindre vos objectifs. <a href=\"https:\/\/ontraxit.ca\/fr\/contact\/\">Contactez-nous pour commencer.<\/a><\/p><\/div><\/div>\t\t\t\t<\/div>\n\t\t\t\t<\/div>\n\t\t\t\t<div class=\"elementor-element elementor-element-f8eb4c6 elementor-widget elementor-widget-menu-anchor\" data-id=\"f8eb4c6\" data-element_type=\"widget\" data-e-type=\"widget\" data-widget_type=\"menu-anchor.default\">\n\t\t\t\t\t\t\t<div class=\"elementor-menu-anchor\" id=\"website\"><\/div>\n\t\t\t\t\t\t<\/div>\n\t\t<div class=\"elementor-element elementor-element-332de47 e-con-full e-flex e-con e-child\" data-id=\"332de47\" data-element_type=\"container\" data-e-type=\"container\" data-settings=\"{&quot;background_background&quot;:&quot;gradient&quot;}\">\n\t\t\t\t<div class=\"elementor-element elementor-element-ea56599 elementor-position-left elementor-position-top elementor-vertical-align-middle elementor-vertical-align-top elementor-widget elementor-widget-image-box\" data-id=\"ea56599\" data-element_type=\"widget\" data-e-type=\"widget\" data-widget_type=\"image-box.default\">\n\t\t\t\t\t<div class=\"elementor-image-box-wrapper\"><figure class=\"elementor-image-box-img\"><a href=\"https:\/\/ontraxit.ca\/fr\/contact\/\" tabindex=\"-1\"><img loading=\"lazy\" decoding=\"async\" width=\"300\" height=\"300\" src=\"https:\/\/ontraxit.b-cdn.net\/wp-content\/uploads\/2024\/10\/WordPress-security-and-maintenance.-The-design-features-a-shield-with-a-cogwheel-inside-it-symbolizing-protect.webp-300x300.webp\" class=\"attachment-medium size-medium wp-image-101\" alt=\"S\u00e9curit\u00e9 et maintenance de WordPress. Le design pr\u00e9sente un bouclier avec une roue dent\u00e9e \u00e0 l&#039;int\u00e9rieur, symbolisant la protection.\" srcset=\"https:\/\/ontraxit.b-cdn.net\/wp-content\/uploads\/2024\/10\/WordPress-security-and-maintenance.-The-design-features-a-shield-with-a-cogwheel-inside-it-symbolizing-protect.webp-300x300.webp 300w, https:\/\/ontraxit.b-cdn.net\/wp-content\/uploads\/2024\/10\/WordPress-security-and-maintenance.-The-design-features-a-shield-with-a-cogwheel-inside-it-symbolizing-protect.webp-150x150.webp 150w, https:\/\/ontraxit.b-cdn.net\/wp-content\/uploads\/2024\/10\/WordPress-security-and-maintenance.-The-design-features-a-shield-with-a-cogwheel-inside-it-symbolizing-protect.webp-768x768.webp 768w, https:\/\/ontraxit.b-cdn.net\/wp-content\/uploads\/2024\/10\/WordPress-security-and-maintenance.-The-design-features-a-shield-with-a-cogwheel-inside-it-symbolizing-protect.webp.webp 1024w\" sizes=\"(max-width: 300px) 100vw, 300px\" \/><\/a><\/figure><div class=\"elementor-image-box-content\"><h3 class=\"elementor-image-box-title\"><a href=\"https:\/\/ontraxit.ca\/fr\/contact\/\">S\u00e9curit\u00e9 et maintenance du site web<\/a><\/h3><p class=\"elementor-image-box-description\">Nos forfaits de cybers\u00e9curit\u00e9 et de maintenance WordPress garantissent la s\u00e9curit\u00e9, la mise \u00e0 jour et le bon fonctionnement de votre site web. Nous fournissons des mises \u00e0 jour r\u00e9guli\u00e8res, une surveillance proactive des menaces et des sauvegardes pour vous prot\u00e9ger contre les logiciels malveillants, le piratage et d'autres vuln\u00e9rabilit\u00e9s. Concentrez-vous sur votre activit\u00e9 pendant que nous nous occupons des performances, de la s\u00e9curit\u00e9 et de la fiabilit\u00e9 de votre site, afin que votre pr\u00e9sence num\u00e9rique soit s\u00fbre et sans probl\u00e8me. <a href=\"https:\/\/ontraxit.ca\/fr\/contact\/\">Contactez-nous pour commencer.<\/a><\/p><\/div><\/div>\t\t\t\t<\/div>\n\t\t\t\t<\/div>\n\t\t\t\t\t<\/div>\n\t\t\t\t<\/div>\n\t\t\t\t<\/div>\n\t\t","protected":false},"excerpt":{"rendered":"<p>Services informatiques et de cybers\u00e9curit\u00e9 Protection des points finaux Notre service Endpoint Protection prot\u00e8ge tous vos appareils professionnels (ordinateurs et smartphones) contre les pirates et les virus. Nous nous occupons de tout, des mises \u00e0 jour \u00e0 la surveillance, pour que vous n&rsquo;ayez pas \u00e0 vous en soucier. Vous pouvez donc vous concentrer sur la [&hellip;]<\/p>\n","protected":false},"author":1,"featured_media":0,"parent":0,"menu_order":0,"comment_status":"closed","ping_status":"closed","template":"","meta":{"footnotes":""},"class_list":["post-313","page","type-page","status-publish","hentry"],"_links":{"self":[{"href":"https:\/\/ontraxit.ca\/fr\/wp-json\/wp\/v2\/pages\/313","targetHints":{"allow":["GET"]}}],"collection":[{"href":"https:\/\/ontraxit.ca\/fr\/wp-json\/wp\/v2\/pages"}],"about":[{"href":"https:\/\/ontraxit.ca\/fr\/wp-json\/wp\/v2\/types\/page"}],"author":[{"embeddable":true,"href":"https:\/\/ontraxit.ca\/fr\/wp-json\/wp\/v2\/users\/1"}],"replies":[{"embeddable":true,"href":"https:\/\/ontraxit.ca\/fr\/wp-json\/wp\/v2\/comments?post=313"}],"version-history":[{"count":3,"href":"https:\/\/ontraxit.ca\/fr\/wp-json\/wp\/v2\/pages\/313\/revisions"}],"predecessor-version":[{"id":392,"href":"https:\/\/ontraxit.ca\/fr\/wp-json\/wp\/v2\/pages\/313\/revisions\/392"}],"wp:attachment":[{"href":"https:\/\/ontraxit.ca\/fr\/wp-json\/wp\/v2\/media?parent=313"}],"curies":[{"name":"wp","href":"https:\/\/api.w.org\/{rel}","templated":true}]}}